{"id":11,"date":"2023-12-08T01:27:41","date_gmt":"2023-12-08T01:27:41","guid":{"rendered":"https:\/\/yavuzakbay.com\/?page_id=11"},"modified":"2026-01-03T14:04:21","modified_gmt":"2026-01-03T14:04:21","slug":"contact-2","status":"publish","type":"page","link":"https:\/\/yavuzakbay.com\/de\/contact-2\/","title":{"rendered":"Kontaktiere Mich"},"content":{"rendered":"<div style=\"height:30px\" aria-hidden=\"true\" class=\"wp-block-spacer\"><\/div>\n\n\n\n<div class=\"wp-block-group has-global-padding is-layout-constrained wp-block-group-is-layout-constrained\">\n<div class=\"wp-block-columns are-vertically-aligned-top is-layout-flex wp-container-core-columns-is-layout-d7d455e7 wp-block-columns-is-layout-flex\" style=\"padding-top:0;padding-right:0;padding-bottom:0;padding-left:0\">\n<div class=\"wp-block-column is-vertically-aligned-top is-layout-flow wp-block-column-is-layout-flow\" style=\"padding-right:7%;flex-basis:50%\">\n<p class=\"has-text-color\" style=\"color:#183e62\">Lass uns verbinden!<\/p>\n\n\n\n<h2 class=\"wp-block-heading has-large-font-size\">M\u00f6chten Sie mich erreichen?<\/h2>\n\n\n\n<p>Hallo! Ich freue mich sehr, dass Sie sich die Zeit genommen haben, mein Portfolio zu erkunden. Ganz gleich, ob Sie wegen einer m\u00f6glichen Zusammenarbeit, einer Gesch\u00e4ftsm\u00f6glichkeit oder einfach nur zum Austausch hier sind, ich freue mich darauf, von Ihnen zu h\u00f6ren. Auf der rechten Seite finden Sie verschiedene M\u00f6glichkeiten, mich zu erreichen. Wenn Sie mich au\u00dferdem f\u00fcr ein kleines oder gro\u00dfes Projekt ben\u00f6tigen, k\u00f6nnen Sie mich \u00fcber den unten stehenden Link schnell \u00fcber Upwork engagieren.<\/p>\n<\/div>\n\n\n\n<div class=\"wp-block-column is-vertically-aligned-top is-layout-flow wp-block-column-is-layout-flow\" style=\"flex-basis:50%\">\n<div class=\"wp-block-group has-border-color has-primary-border-color has-medium-font-size has-global-padding is-layout-constrained wp-container-core-group-is-layout-19c400f2 wp-block-group-is-layout-constrained\" style=\"border-width:1px;border-radius:8px;margin-top:0;margin-bottom:0\">\n<div class=\"wp-block-group has-primary-background-color has-background has-medium-font-size has-global-padding is-layout-constrained wp-container-core-group-is-layout-9878662a wp-block-group-is-layout-constrained\" style=\"border-top-left-radius:8px;border-top-right-radius:8px;border-bottom-left-radius:0px;border-bottom-right-radius:0px;padding-top:var(--wp--preset--spacing--small);padding-right:var(--wp--preset--spacing--medium);padding-bottom:var(--wp--preset--spacing--small);padding-left:var(--wp--preset--spacing--medium)\">\n<figure class=\"wp-block-image aligncenter size-full is-resized is-style-rounded\"><img loading=\"lazy\" decoding=\"async\" width=\"800\" height=\"800\" src=\"https:\/\/yavuzakbay.com\/wp-content\/uploads\/2025\/05\/1745507668711.jpg\" alt=\"\" class=\"wp-image-715\" style=\"aspect-ratio:1;object-fit:cover;width:164px;height:auto\" srcset=\"https:\/\/yavuzakbay.com\/wp-content\/uploads\/2025\/05\/1745507668711.jpg 800w, https:\/\/yavuzakbay.com\/wp-content\/uploads\/2025\/05\/1745507668711-300x300.jpg 300w, https:\/\/yavuzakbay.com\/wp-content\/uploads\/2025\/05\/1745507668711-150x150.jpg 150w\" sizes=\"auto, (max-width: 800px) 100vw, 800px\" \/><\/figure>\n\n\n\n<div class=\"wp-block-group has-global-padding is-layout-constrained wp-container-core-group-is-layout-7c6d2669 wp-block-group-is-layout-constrained\">\n<h3 class=\"wp-block-heading has-text-align-center has-white-color has-text-color\">Yavuz Akbay<\/h3>\n\n\n\n<p class=\"has-text-align-center has-white-color has-text-color has-x-small-font-size\">Datenanalyst | Finanzanalyst<\/p>\n<\/div>\n<\/div>\n\n\n\n<div class=\"wp-block-group has-medium-font-size is-content-justification-center is-layout-flex wp-container-core-group-is-layout-c42c13f8 wp-block-group-is-layout-flex\" style=\"padding-top:var(--wp--preset--spacing--x-small);padding-right:0;padding-bottom:var(--wp--preset--spacing--x-small);padding-left:0\">\n<div>\n <a href=\"https:\/\/www.linkedin.com\/in\/yavuzakbay\/\" class=\"me-4 link-secondary\">\n    <i class=\"fa-brands fa-linkedin-in mr-4 mb-3\" style=\"font-size: 35px; margin-right: 20px;\" aria-hidden=\"true\"><\/i>\n <\/a>\n <a href=\"https:\/\/github.com\/YavuzAkbay\" class=\"me-4 link-secondary\">\n    <i class=\"fa-brands fa-github color-primary\" style=\"font-size: 35px; margin-right: 20px;\" aria-hidden=\"true\"><\/i>\n <\/a>\n <a href=\"https:\/\/www.xing.com\/profile\/Yavuz_Akbay\" class=\"me-4 link-secondary\">\n    <i class=\"fa-brands fa-xing ml-4 color-primary\" style=\"font-size: 35px; margin-right: 20px;\" aria-hidden=\"true\"><\/i>\n <\/a>\n <a href=\"mailto: akbay.yavuz@gmail.com\" class=\"me-4 link-secondary\">\n    <i class=\"fa-solid fa-envelope ml-4 color-primary\" style=\"font-size: 35px; margin-right: 20px;\" aria-hidden=\"true\"><\/i>\n <\/a>\n<\/div>\n<\/div>\n<\/div>\n<\/div>\n<\/div>\n\n\n\n<div style=\"height:20px\" aria-hidden=\"true\" class=\"wp-block-spacer\"><\/div>\n<\/div>\n\n\n\n<p><\/p>","protected":false},"excerpt":{"rendered":"<p>Let&#8217;s Connect! Do you want to reach me? Hello! I&#8217;m so excited that you took the time to explore my portfolio. Whether you&#8217;re here for a potential collaboration, business opportunity, or just to connect, I look forward to hearing from you. On the right you will find various ways to reach me. Additionally, if you &hellip; <\/p>\n<p class=\"link-more\"><a href=\"https:\/\/yavuzakbay.com\/de\/contact-2\/\" class=\"more-link\">Mehr <span class=\"screen-reader-text\">\u00fcber &#8220;Contact Me&#8221; <\/span>Lesen<\/a><\/p>","protected":false},"author":1,"featured_media":56,"parent":0,"menu_order":0,"comment_status":"closed","ping_status":"closed","template":"","meta":{"_monsterinsights_skip_tracking":false,"_monsterinsights_sitenote_active":false,"_monsterinsights_sitenote_note":"","_monsterinsights_sitenote_category":0,"_uf_show_specific_survey":0,"_uf_disable_surveys":false,"footnotes":""},"class_list":["post-11","page","type-page","status-publish","has-post-thumbnail","hentry"],"aioseo_notices":[],"_links":{"self":[{"href":"https:\/\/yavuzakbay.com\/de\/wp-json\/wp\/v2\/pages\/11","targetHints":{"allow":["GET"]}}],"collection":[{"href":"https:\/\/yavuzakbay.com\/de\/wp-json\/wp\/v2\/pages"}],"about":[{"href":"https:\/\/yavuzakbay.com\/de\/wp-json\/wp\/v2\/types\/page"}],"author":[{"embeddable":true,"href":"https:\/\/yavuzakbay.com\/de\/wp-json\/wp\/v2\/users\/1"}],"replies":[{"embeddable":true,"href":"https:\/\/yavuzakbay.com\/de\/wp-json\/wp\/v2\/comments?post=11"}],"version-history":[{"count":96,"href":"https:\/\/yavuzakbay.com\/de\/wp-json\/wp\/v2\/pages\/11\/revisions"}],"predecessor-version":[{"id":793,"href":"https:\/\/yavuzakbay.com\/de\/wp-json\/wp\/v2\/pages\/11\/revisions\/793"}],"wp:featuredmedia":[{"embeddable":true,"href":"https:\/\/yavuzakbay.com\/de\/wp-json\/wp\/v2\/media\/56"}],"wp:attachment":[{"href":"https:\/\/yavuzakbay.com\/de\/wp-json\/wp\/v2\/media?parent=11"}],"curies":[{"name":"wp","href":"https:\/\/api.w.org\/{rel}","templated":true}]}}